{"id":10,"date":"2020-06-06T17:15:12","date_gmt":"2020-06-06T17:15:12","guid":{"rendered":"http:\/\/bella-italia-ueckermuende.de\/?page_id=10"},"modified":"2020-06-07T13:02:26","modified_gmt":"2020-06-07T13:02:26","slug":"kontakt","status":"publish","type":"page","link":"https:\/\/bella-italia-ueckermuende.de\/?page_id=10","title":{"rendered":"Anfahrt"},"content":{"rendered":"\t\t<div data-elementor-type=\"wp-page\" data-elementor-id=\"10\" class=\"elementor elementor-10\">\n\t\t\t\t\t\t<section class=\"elementor-section elementor-top-section elementor-element elementor-element-07bb398 elementor-section-boxed elementor-section-height-default elementor-section-height-default\" data-id=\"07bb398\" data-element_type=\"section\">\n\t\t\t\t\t\t<div class=\"elementor-container elementor-column-gap-default\">\n\t\t\t\t\t<div class=\"elementor-column elementor-col-100 elementor-top-column elementor-element elementor-element-f855c69\" data-id=\"f855c69\" data-element_type=\"column\">\n\t\t\t<div class=\"elementor-widget-wrap elementor-element-populated\">\n\t\t\t\t\t\t<div class=\"elementor-element elementor-element-2b26f99 elementor-widget elementor-widget-image\" data-id=\"2b26f99\" data-element_type=\"widget\" data-widget_type=\"image.default\">\n\t\t\t\t<div class=\"elementor-widget-container\">\n\t\t\t\t\t\t\t\t\t\t\t\t\t\t\t<img fetchpriority=\"high\" decoding=\"async\" width=\"800\" height=\"531\" src=\"https:\/\/bella-italia-ueckermuende.de\/wp-content\/uploads\/2020\/06\/Terrasse.jpg\" class=\"attachment-large size-large wp-image-91\" alt=\"\" srcset=\"https:\/\/bella-italia-ueckermuende.de\/wp-content\/uploads\/2020\/06\/Terrasse.jpg 800w, https:\/\/bella-italia-ueckermuende.de\/wp-content\/uploads\/2020\/06\/Terrasse-300x199.jpg 300w, https:\/\/bella-italia-ueckermuende.de\/wp-content\/uploads\/2020\/06\/Terrasse-768x510.jpg 768w\" sizes=\"(max-width: 800px) 100vw, 800px\" \/>\t\t\t\t\t\t\t\t\t\t\t\t\t\t\t<\/div>\n\t\t\t\t<\/div>\n\t\t\t\t\t<\/div>\n\t\t<\/div>\n\t\t\t\t\t<\/div>\n\t\t<\/section>\n\t\t\t\t<section class=\"elementor-section elementor-top-section elementor-element elementor-element-31a1367 elementor-section-boxed elementor-section-height-default elementor-section-height-default\" data-id=\"31a1367\" data-element_type=\"section\">\n\t\t\t\t\t\t<div class=\"elementor-container elementor-column-gap-default\">\n\t\t\t\t\t<div class=\"elementor-column elementor-col-100 elementor-top-column elementor-element elementor-element-c361f0e\" data-id=\"c361f0e\" data-element_type=\"column\">\n\t\t\t<div class=\"elementor-widget-wrap elementor-element-populated\">\n\t\t\t\t\t\t<div class=\"elementor-element elementor-element-a6dfb24 elementor-widget elementor-widget-text-editor\" data-id=\"a6dfb24\" data-element_type=\"widget\" data-widget_type=\"text-editor.default\">\n\t\t\t\t<div class=\"elementor-widget-container\">\n\t\t\t\t\t\t\t\t\t<p style=\"text-align: center;\">Sie finden uns mitten in der historischen Altstadt von Ueckerm\u00fcnde. Genie\u00dfen Sie Ihre Speisen in unserer Pizzeria oder an sch\u00f6nen Tagen auf unserer Terrasse direkt auf dem Schweinemarkt.&nbsp;<\/p>\t\t\t\t\t\t\t\t<\/div>\n\t\t\t\t<\/div>\n\t\t\t\t\t<\/div>\n\t\t<\/div>\n\t\t\t\t\t<\/div>\n\t\t<\/section>\n\t\t\t\t<section class=\"elementor-section elementor-top-section elementor-element elementor-element-7e03b7f elementor-section-boxed elementor-section-height-default elementor-section-height-default\" data-id=\"7e03b7f\" data-element_type=\"section\">\n\t\t\t\t\t\t<div class=\"elementor-container elementor-column-gap-default\">\n\t\t\t\t\t<div class=\"elementor-column elementor-col-100 elementor-top-column elementor-element elementor-element-f15d985\" data-id=\"f15d985\" data-element_type=\"column\">\n\t\t\t<div class=\"elementor-widget-wrap elementor-element-populated\">\n\t\t\t\t\t\t<div class=\"elementor-element elementor-element-6dff51f elementor-widget elementor-widget-google_maps\" data-id=\"6dff51f\" data-element_type=\"widget\" data-widget_type=\"google_maps.default\">\n\t\t\t\t<div class=\"elementor-widget-container\">\n\t\t\t\t\t\t\t<div class=\"elementor-custom-embed\">\n\t\t\t<iframe loading=\"lazy\"\n\t\t\t\t\tsrc=\"https:\/\/maps.google.com\/maps?q=Bella%20Italia%2017373%20Ueckerm%C3%BCnde&#038;t=m&#038;z=15&#038;output=embed&#038;iwloc=near\"\n\t\t\t\t\ttitle=\"Bella Italia 17373 Ueckerm\u00fcnde\"\n\t\t\t\t\taria-label=\"Bella Italia 17373 Ueckerm\u00fcnde\"\n\t\t\t><\/iframe>\n\t\t<\/div>\n\t\t\t\t\t\t<\/div>\n\t\t\t\t<\/div>\n\t\t\t\t\t<\/div>\n\t\t<\/div>\n\t\t\t\t\t<\/div>\n\t\t<\/section>\n\t\t\t\t<\/div>\n\t\t","protected":false},"excerpt":{"rendered":"<p>Sie finden uns mitten in der historischen Altstadt von Ueckerm\u00fcnde. Genie\u00dfen Sie Ihre Speisen in unserer Pizzeria oder an sch\u00f6nen Tagen auf unserer Terrasse direkt auf dem Schweinemarkt.&nbsp;<\/p>\n","protected":false},"author":1,"featured_media":0,"parent":0,"menu_order":0,"comment_status":"closed","ping_status":"closed","template":"","meta":{"zakra_sidebar_layout":"customizer","zakra_remove_content_margin":false,"zakra_sidebar":"customizer","zakra_transparent_header":"customizer","zakra_logo":0,"zakra_main_header_style":"default","zakra_menu_item_color":"","zakra_menu_item_hover_color":"","zakra_menu_item_active_color":"","zakra_menu_active_style":"","zakra_page_header":true,"footnotes":""},"class_list":["post-10","page","type-page","status-publish","hentry"],"yoast_head":"<!-- This site is optimized with the Yoast SEO plugin v25.4 - https:\/\/yoast.com\/wordpress\/plugins\/seo\/ -->\n<title>Anfahrt - Bella Italia Ueckerm\u00fcnde<\/title>\n<meta name=\"robots\" content=\"index, follow, max-snippet:-1, max-image-preview:large, max-video-preview:-1\" \/>\n<link rel=\"canonical\" href=\"https:\/\/bella-italia-ueckermuende.de\/?page_id=10\" \/>\n<meta property=\"og:locale\" content=\"de_DE\" \/>\n<meta property=\"og:type\" content=\"article\" \/>\n<meta property=\"og:title\" content=\"Anfahrt - Bella Italia Ueckerm\u00fcnde\" \/>\n<meta property=\"og:description\" content=\"Sie finden uns mitten in der historischen Altstadt von Ueckerm\u00fcnde. Genie\u00dfen Sie Ihre Speisen in unserer Pizzeria oder an sch\u00f6nen Tagen auf unserer Terrasse direkt auf dem Schweinemarkt.&nbsp;\" \/>\n<meta property=\"og:url\" content=\"https:\/\/bella-italia-ueckermuende.de\/?page_id=10\" \/>\n<meta property=\"og:site_name\" content=\"Bella Italia Ueckerm\u00fcnde\" \/>\n<meta property=\"article:modified_time\" content=\"2020-06-07T13:02:26+00:00\" \/>\n<meta property=\"og:image\" content=\"http:\/\/bella-italia-ueckermuende.de\/wp-content\/uploads\/2020\/06\/Terrasse.jpg\" \/>\n<meta name=\"twitter:card\" content=\"summary_large_image\" \/>\n<script type=\"application\/ld+json\" class=\"yoast-schema-graph\">{\"@context\":\"https:\/\/schema.org\",\"@graph\":[{\"@type\":\"WebPage\",\"@id\":\"https:\/\/bella-italia-ueckermuende.de\/?page_id=10\",\"url\":\"https:\/\/bella-italia-ueckermuende.de\/?page_id=10\",\"name\":\"Anfahrt - Bella Italia Ueckerm\u00fcnde\",\"isPartOf\":{\"@id\":\"https:\/\/bella-italia-ueckermuende.de\/#website\"},\"primaryImageOfPage\":{\"@id\":\"https:\/\/bella-italia-ueckermuende.de\/?page_id=10#primaryimage\"},\"image\":{\"@id\":\"https:\/\/bella-italia-ueckermuende.de\/?page_id=10#primaryimage\"},\"thumbnailUrl\":\"http:\/\/bella-italia-ueckermuende.de\/wp-content\/uploads\/2020\/06\/Terrasse.jpg\",\"datePublished\":\"2020-06-06T17:15:12+00:00\",\"dateModified\":\"2020-06-07T13:02:26+00:00\",\"breadcrumb\":{\"@id\":\"https:\/\/bella-italia-ueckermuende.de\/?page_id=10#breadcrumb\"},\"inLanguage\":\"de\",\"potentialAction\":[{\"@type\":\"ReadAction\",\"target\":[\"https:\/\/bella-italia-ueckermuende.de\/?page_id=10\"]}]},{\"@type\":\"ImageObject\",\"inLanguage\":\"de\",\"@id\":\"https:\/\/bella-italia-ueckermuende.de\/?page_id=10#primaryimage\",\"url\":\"https:\/\/bella-italia-ueckermuende.de\/wp-content\/uploads\/2020\/06\/Terrasse.jpg\",\"contentUrl\":\"https:\/\/bella-italia-ueckermuende.de\/wp-content\/uploads\/2020\/06\/Terrasse.jpg\",\"width\":800,\"height\":531},{\"@type\":\"BreadcrumbList\",\"@id\":\"https:\/\/bella-italia-ueckermuende.de\/?page_id=10#breadcrumb\",\"itemListElement\":[{\"@type\":\"ListItem\",\"position\":1,\"name\":\"Startseite\",\"item\":\"https:\/\/bella-italia-ueckermuende.de\/\"},{\"@type\":\"ListItem\",\"position\":2,\"name\":\"Anfahrt\"}]},{\"@type\":\"WebSite\",\"@id\":\"https:\/\/bella-italia-ueckermuende.de\/#website\",\"url\":\"https:\/\/bella-italia-ueckermuende.de\/\",\"name\":\"Bella Italia Ueckerm\u00fcnde\",\"description\":\"Herzlich Willkommen bei Bella Italia in Ueckerm\u00fcnde!\",\"publisher\":{\"@id\":\"https:\/\/bella-italia-ueckermuende.de\/#organization\"},\"potentialAction\":[{\"@type\":\"SearchAction\",\"target\":{\"@type\":\"EntryPoint\",\"urlTemplate\":\"https:\/\/bella-italia-ueckermuende.de\/?s={search_term_string}\"},\"query-input\":{\"@type\":\"PropertyValueSpecification\",\"valueRequired\":true,\"valueName\":\"search_term_string\"}}],\"inLanguage\":\"de\"},{\"@type\":\"Organization\",\"@id\":\"https:\/\/bella-italia-ueckermuende.de\/#organization\",\"name\":\"Bella Italia Ueckerm\u00fcnde\",\"url\":\"https:\/\/bella-italia-ueckermuende.de\/\",\"logo\":{\"@type\":\"ImageObject\",\"inLanguage\":\"de\",\"@id\":\"https:\/\/bella-italia-ueckermuende.de\/#\/schema\/logo\/image\/\",\"url\":\"http:\/\/bella-italia-ueckermuende.de\/wp-content\/uploads\/2020\/06\/Logo-Bella-Italia.png\",\"contentUrl\":\"http:\/\/bella-italia-ueckermuende.de\/wp-content\/uploads\/2020\/06\/Logo-Bella-Italia.png\",\"width\":600,\"height\":200,\"caption\":\"Bella Italia Ueckerm\u00fcnde\"},\"image\":{\"@id\":\"https:\/\/bella-italia-ueckermuende.de\/#\/schema\/logo\/image\/\"}}]}<\/script>\n<!-- \/ Yoast SEO plugin. -->","yoast_head_json":{"title":"Anfahrt - Bella Italia Ueckerm\u00fcnde","robots":{"index":"index","follow":"follow","max-snippet":"max-snippet:-1","max-image-preview":"max-image-preview:large","max-video-preview":"max-video-preview:-1"},"canonical":"https:\/\/bella-italia-ueckermuende.de\/?page_id=10","og_locale":"de_DE","og_type":"article","og_title":"Anfahrt - Bella Italia Ueckerm\u00fcnde","og_description":"Sie finden uns mitten in der historischen Altstadt von Ueckerm\u00fcnde. Genie\u00dfen Sie Ihre Speisen in unserer Pizzeria oder an sch\u00f6nen Tagen auf unserer Terrasse direkt auf dem Schweinemarkt.&nbsp;","og_url":"https:\/\/bella-italia-ueckermuende.de\/?page_id=10","og_site_name":"Bella Italia Ueckerm\u00fcnde","article_modified_time":"2020-06-07T13:02:26+00:00","og_image":[{"url":"http:\/\/bella-italia-ueckermuende.de\/wp-content\/uploads\/2020\/06\/Terrasse.jpg","type":"","width":"","height":""}],"twitter_card":"summary_large_image","schema":{"@context":"https:\/\/schema.org","@graph":[{"@type":"WebPage","@id":"https:\/\/bella-italia-ueckermuende.de\/?page_id=10","url":"https:\/\/bella-italia-ueckermuende.de\/?page_id=10","name":"Anfahrt - Bella Italia Ueckerm\u00fcnde","isPartOf":{"@id":"https:\/\/bella-italia-ueckermuende.de\/#website"},"primaryImageOfPage":{"@id":"https:\/\/bella-italia-ueckermuende.de\/?page_id=10#primaryimage"},"image":{"@id":"https:\/\/bella-italia-ueckermuende.de\/?page_id=10#primaryimage"},"thumbnailUrl":"http:\/\/bella-italia-ueckermuende.de\/wp-content\/uploads\/2020\/06\/Terrasse.jpg","datePublished":"2020-06-06T17:15:12+00:00","dateModified":"2020-06-07T13:02:26+00:00","breadcrumb":{"@id":"https:\/\/bella-italia-ueckermuende.de\/?page_id=10#breadcrumb"},"inLanguage":"de","potentialAction":[{"@type":"ReadAction","target":["https:\/\/bella-italia-ueckermuende.de\/?page_id=10"]}]},{"@type":"ImageObject","inLanguage":"de","@id":"https:\/\/bella-italia-ueckermuende.de\/?page_id=10#primaryimage","url":"https:\/\/bella-italia-ueckermuende.de\/wp-content\/uploads\/2020\/06\/Terrasse.jpg","contentUrl":"https:\/\/bella-italia-ueckermuende.de\/wp-content\/uploads\/2020\/06\/Terrasse.jpg","width":800,"height":531},{"@type":"BreadcrumbList","@id":"https:\/\/bella-italia-ueckermuende.de\/?page_id=10#breadcrumb","itemListElement":[{"@type":"ListItem","position":1,"name":"Startseite","item":"https:\/\/bella-italia-ueckermuende.de\/"},{"@type":"ListItem","position":2,"name":"Anfahrt"}]},{"@type":"WebSite","@id":"https:\/\/bella-italia-ueckermuende.de\/#website","url":"https:\/\/bella-italia-ueckermuende.de\/","name":"Bella Italia Ueckerm\u00fcnde","description":"Herzlich Willkommen bei Bella Italia in Ueckerm\u00fcnde!","publisher":{"@id":"https:\/\/bella-italia-ueckermuende.de\/#organization"},"potentialAction":[{"@type":"SearchAction","target":{"@type":"EntryPoint","urlTemplate":"https:\/\/bella-italia-ueckermuende.de\/?s={search_term_string}"},"query-input":{"@type":"PropertyValueSpecification","valueRequired":true,"valueName":"search_term_string"}}],"inLanguage":"de"},{"@type":"Organization","@id":"https:\/\/bella-italia-ueckermuende.de\/#organization","name":"Bella Italia Ueckerm\u00fcnde","url":"https:\/\/bella-italia-ueckermuende.de\/","logo":{"@type":"ImageObject","inLanguage":"de","@id":"https:\/\/bella-italia-ueckermuende.de\/#\/schema\/logo\/image\/","url":"http:\/\/bella-italia-ueckermuende.de\/wp-content\/uploads\/2020\/06\/Logo-Bella-Italia.png","contentUrl":"http:\/\/bella-italia-ueckermuende.de\/wp-content\/uploads\/2020\/06\/Logo-Bella-Italia.png","width":600,"height":200,"caption":"Bella Italia Ueckerm\u00fcnde"},"image":{"@id":"https:\/\/bella-italia-ueckermuende.de\/#\/schema\/logo\/image\/"}}]}},"_links":{"self":[{"href":"https:\/\/bella-italia-ueckermuende.de\/index.php?rest_route=\/wp\/v2\/pages\/10","targetHints":{"allow":["GET"]}}],"collection":[{"href":"https:\/\/bella-italia-ueckermuende.de\/index.php?rest_route=\/wp\/v2\/pages"}],"about":[{"href":"https:\/\/bella-italia-ueckermuende.de\/index.php?rest_route=\/wp\/v2\/types\/page"}],"author":[{"embeddable":true,"href":"https:\/\/bella-italia-ueckermuende.de\/index.php?rest_route=\/wp\/v2\/users\/1"}],"replies":[{"embeddable":true,"href":"https:\/\/bella-italia-ueckermuende.de\/index.php?rest_route=%2Fwp%2Fv2%2Fcomments&post=10"}],"version-history":[{"count":7,"href":"https:\/\/bella-italia-ueckermuende.de\/index.php?rest_route=\/wp\/v2\/pages\/10\/revisions"}],"predecessor-version":[{"id":127,"href":"https:\/\/bella-italia-ueckermuende.de\/index.php?rest_route=\/wp\/v2\/pages\/10\/revisions\/127"}],"wp:attachment":[{"href":"https:\/\/bella-italia-ueckermuende.de\/index.php?rest_route=%2Fwp%2Fv2%2Fmedia&parent=10"}],"curies":[{"name":"wp","href":"https:\/\/api.w.org\/{rel}","templated":true}]}}